{"id":2815,"date":"2023-11-01T21:35:08","date_gmt":"2023-11-02T01:35:08","guid":{"rendered":"https:\/\/touchem.ca\/?page_id=2815"},"modified":"2023-11-02T20:43:50","modified_gmt":"2023-11-03T00:43:50","slug":"programme-touchstones","status":"publish","type":"page","link":"https:\/\/touchem.ca\/en\/programme-touchstones\/","title":{"rendered":"Rejoignez le Programme TouchStones !"},"content":{"rendered":"<h2 class=\"wp-block-heading\">Acc\u00e9der aux versions b\u00eata de TouchEm<\/h2>\n\n\n\n<p>Vous avez maintenant la possibilit\u00e9 de devenir un membre actif de notre communaut\u00e9 de testeurs en rejoignant le Programme TouchStones.<\/p>\n\n\n\n<h2 class=\"wp-block-heading\">Avantages de faire partie du Programme TouchStones<\/h2>\n\n\n\n<p>Vous aurez un acc\u00e8s exclusif aux versions b\u00eata de notre application, aux derni\u00e8res fonctionnalit\u00e9s et aux mises \u00e0 jour en avant-premi\u00e8re. Vous aurez \u00e9galement acc\u00e8s au forum des <strong>TouchStones <\/strong>en mode \u00e9dition. <span style=\"text-decoration: underline;\"><a href=\"https:\/\/touchem.ca\/en\/forums\/touchstones\/\">Cliquer ici pour acc\u00e9der au forum des <strong>TouchStones<\/strong>.<\/a><\/span><\/p>\n\n\n\n<p>Votre feedback est essentiel pour nous aider \u00e0 am\u00e9liorer constamment TouchEm.<\/p>\n\n\n\n<p>Rejoignez nous aujourd&rsquo;hui et contribuez \u00e0 fa\u00e7onner l&rsquo;avenir de l&rsquo;application.<\/p>\n\n\n\n<h2 class=\"wp-block-heading\">Rejoindre ou quitter le programme<\/h2>\n\n\n\n<p>Vous pouvez rejoindre et quitter le programme \u00e0 tout moment sans soucis.<\/p>\n\n\n\n<p>Cliquez sur le bouton afin de rejoindre ou quitter le programme.<\/p>\n\n\n<a class=\"wp-block-button__link\" href=\"https:\/\/touchem.ca\/en\/login\/?redirect_to=https%3A%2F%2Ftouchem.ca%2Fen%2Fwp-json%2Fwp%2Fv2%2Fpages%2F2815\">Se connecter pour rejoindre<\/a>\n\n\n\n<p><\/p>","protected":false},"excerpt":{"rendered":"<p>Acc\u00e9der aux versions b\u00eata de TouchEm Vous avez maintenant la possibilit\u00e9 de devenir un membre actif de notre communaut\u00e9 de testeurs en rejoignant le Programme TouchStones. Avantages de faire partie du Programme TouchStones Vous aurez un acc\u00e8s exclusif aux versions b\u00eata de notre application, aux derni\u00e8res fonctionnalit\u00e9s et aux mises<span class=\"more-dots\">&#8230;<\/span><\/p>","protected":false},"author":1,"featured_media":2826,"parent":0,"menu_order":0,"comment_status":"closed","ping_status":"closed","template":"","meta":{"_eb_attr":"","footnotes":""},"class_list":["post-2815","page","type-page","status-publish","has-post-thumbnail","hentry"],"yoast_head":"<!-- This site is optimized with the Yoast SEO plugin v27.0 - https:\/\/yoast.com\/product\/yoast-seo-wordpress\/ -->\n<title>Rejoignez le Programme TouchStones ! - TouchEm<\/title>\n<meta name=\"description\" content=\"Rejoignez le Programme TouchStones. Ayez un acc\u00e8s exclusif aux versions b\u00eata, aux derni\u00e8res fonctionnalit\u00e9s, aux mises \u00e0 jour pr\u00e9liminaire et au forum des TouchStones en mode \u00e9dition.\" \/>\n<meta name=\"robots\" content=\"index, follow, max-snippet:-1, max-image-preview:large, max-video-preview:-1\" \/>\n<link rel=\"canonical\" href=\"https:\/\/touchem.ca\/en\/programme-touchstones\/\" \/>\n<meta property=\"og:locale\" content=\"en_US\" \/>\n<meta property=\"og:type\" content=\"article\" \/>\n<meta property=\"og:title\" content=\"Rejoignez le Programme TouchStones ! - TouchEm\" \/>\n<meta property=\"og:description\" content=\"Rejoignez le Programme TouchStones. Ayez un acc\u00e8s exclusif aux versions b\u00eata, aux derni\u00e8res fonctionnalit\u00e9s, aux mises \u00e0 jour pr\u00e9liminaire et au forum des TouchStones en mode \u00e9dition.\" \/>\n<meta property=\"og:url\" content=\"https:\/\/touchem.ca\/en\/programme-touchstones\/\" \/>\n<meta property=\"og:site_name\" content=\"TouchEm\" \/>\n<meta property=\"article:modified_time\" content=\"2023-11-03T00:43:50+00:00\" \/>\n<meta property=\"og:image\" content=\"https:\/\/touchem.ca\/wp-content\/uploads\/2022\/03\/couleurs.png\" \/>\n\t<meta property=\"og:image:width\" content=\"1500\" \/>\n\t<meta property=\"og:image:height\" content=\"1500\" \/>\n\t<meta property=\"og:image:type\" content=\"image\/png\" \/>\n<meta name=\"twitter:card\" content=\"summary_large_image\" \/>\n<meta name=\"twitter:label1\" content=\"Est. reading time\" \/>\n\t<meta name=\"twitter:data1\" content=\"1 minute\" \/>\n<script type=\"application\/ld+json\" class=\"yoast-schema-graph\">{\"@context\":\"https:\/\/schema.org\",\"@graph\":[{\"@type\":\"WebPage\",\"@id\":\"https:\/\/touchem.ca\/programme-touchstones\/\",\"url\":\"https:\/\/touchem.ca\/programme-touchstones\/\",\"name\":\"Rejoignez le Programme TouchStones ! - TouchEm\",\"isPartOf\":{\"@id\":\"https:\/\/touchem.ca\/#website\"},\"primaryImageOfPage\":{\"@id\":\"https:\/\/touchem.ca\/programme-touchstones\/#primaryimage\"},\"image\":{\"@id\":\"https:\/\/touchem.ca\/programme-touchstones\/#primaryimage\"},\"thumbnailUrl\":\"https:\/\/touchem.ca\/wp-content\/uploads\/2023\/11\/hand-back-fist-regular-1.svg\",\"datePublished\":\"2023-11-02T01:35:08+00:00\",\"dateModified\":\"2023-11-03T00:43:50+00:00\",\"description\":\"Rejoignez le Programme TouchStones. Ayez un acc\u00e8s exclusif aux versions b\u00eata, aux derni\u00e8res fonctionnalit\u00e9s, aux mises \u00e0 jour pr\u00e9liminaire et au forum des TouchStones en mode \u00e9dition.\",\"breadcrumb\":{\"@id\":\"https:\/\/touchem.ca\/programme-touchstones\/#breadcrumb\"},\"inLanguage\":\"en-US\",\"potentialAction\":[{\"@type\":\"ReadAction\",\"target\":[\"https:\/\/touchem.ca\/programme-touchstones\/\"]}]},{\"@type\":\"ImageObject\",\"inLanguage\":\"en-US\",\"@id\":\"https:\/\/touchem.ca\/programme-touchstones\/#primaryimage\",\"url\":\"https:\/\/touchem.ca\/wp-content\/uploads\/2023\/11\/hand-back-fist-regular-1.svg\",\"contentUrl\":\"https:\/\/touchem.ca\/wp-content\/uploads\/2023\/11\/hand-back-fist-regular-1.svg\"},{\"@type\":\"BreadcrumbList\",\"@id\":\"https:\/\/touchem.ca\/programme-touchstones\/#breadcrumb\",\"itemListElement\":[{\"@type\":\"ListItem\",\"position\":1,\"name\":\"Accueil\",\"item\":\"https:\/\/touchem.ca\/\"},{\"@type\":\"ListItem\",\"position\":2,\"name\":\"Programme TouchStones\"}]},{\"@type\":\"WebSite\",\"@id\":\"https:\/\/touchem.ca\/#website\",\"url\":\"https:\/\/touchem.ca\/\",\"name\":\"TouchEm\",\"description\":\"Le logiciel macro num\u00e9ro 1 pour effectuer des commandes et des animations rapidement sur les serveurs FiveM\/RedM.\",\"publisher\":{\"@id\":\"https:\/\/touchem.ca\/#organization\"},\"potentialAction\":[{\"@type\":\"SearchAction\",\"target\":{\"@type\":\"EntryPoint\",\"urlTemplate\":\"https:\/\/touchem.ca\/?s={search_term_string}\"},\"query-input\":{\"@type\":\"PropertyValueSpecification\",\"valueRequired\":true,\"valueName\":\"search_term_string\"}}],\"inLanguage\":\"en-US\"},{\"@type\":\"Organization\",\"@id\":\"https:\/\/touchem.ca\/#organization\",\"name\":\"TouchEm\",\"url\":\"https:\/\/touchem.ca\/\",\"logo\":{\"@type\":\"ImageObject\",\"inLanguage\":\"en-US\",\"@id\":\"https:\/\/touchem.ca\/#\/schema\/logo\/image\/\",\"url\":\"https:\/\/touchem.ca\/wp-content\/uploads\/2022\/03\/couleurs.png\",\"contentUrl\":\"https:\/\/touchem.ca\/wp-content\/uploads\/2022\/03\/couleurs.png\",\"width\":1500,\"height\":1500,\"caption\":\"TouchEm\"},\"image\":{\"@id\":\"https:\/\/touchem.ca\/#\/schema\/logo\/image\/\"}}]}<\/script>\n<!-- \/ Yoast SEO plugin. -->","yoast_head_json":{"title":"Rejoignez le Programme TouchStones ! - TouchEm","description":"Rejoignez le Programme TouchStones. Ayez un acc\u00e8s exclusif aux versions b\u00eata, aux derni\u00e8res fonctionnalit\u00e9s, aux mises \u00e0 jour pr\u00e9liminaire et au forum des TouchStones en mode \u00e9dition.","robots":{"index":"index","follow":"follow","max-snippet":"max-snippet:-1","max-image-preview":"max-image-preview:large","max-video-preview":"max-video-preview:-1"},"canonical":"https:\/\/touchem.ca\/en\/programme-touchstones\/","og_locale":"en_US","og_type":"article","og_title":"Rejoignez le Programme TouchStones ! - TouchEm","og_description":"Rejoignez le Programme TouchStones. Ayez un acc\u00e8s exclusif aux versions b\u00eata, aux derni\u00e8res fonctionnalit\u00e9s, aux mises \u00e0 jour pr\u00e9liminaire et au forum des TouchStones en mode \u00e9dition.","og_url":"https:\/\/touchem.ca\/en\/programme-touchstones\/","og_site_name":"TouchEm","article_modified_time":"2023-11-03T00:43:50+00:00","og_image":[{"width":1500,"height":1500,"url":"https:\/\/touchem.ca\/wp-content\/uploads\/2022\/03\/couleurs.png","type":"image\/png"}],"twitter_card":"summary_large_image","twitter_misc":{"Est. reading time":"1 minute"},"schema":{"@context":"https:\/\/schema.org","@graph":[{"@type":"WebPage","@id":"https:\/\/touchem.ca\/programme-touchstones\/","url":"https:\/\/touchem.ca\/programme-touchstones\/","name":"Rejoignez le Programme TouchStones ! - TouchEm","isPartOf":{"@id":"https:\/\/touchem.ca\/#website"},"primaryImageOfPage":{"@id":"https:\/\/touchem.ca\/programme-touchstones\/#primaryimage"},"image":{"@id":"https:\/\/touchem.ca\/programme-touchstones\/#primaryimage"},"thumbnailUrl":"https:\/\/touchem.ca\/wp-content\/uploads\/2023\/11\/hand-back-fist-regular-1.svg","datePublished":"2023-11-02T01:35:08+00:00","dateModified":"2023-11-03T00:43:50+00:00","description":"Rejoignez le Programme TouchStones. Ayez un acc\u00e8s exclusif aux versions b\u00eata, aux derni\u00e8res fonctionnalit\u00e9s, aux mises \u00e0 jour pr\u00e9liminaire et au forum des TouchStones en mode \u00e9dition.","breadcrumb":{"@id":"https:\/\/touchem.ca\/programme-touchstones\/#breadcrumb"},"inLanguage":"en-US","potentialAction":[{"@type":"ReadAction","target":["https:\/\/touchem.ca\/programme-touchstones\/"]}]},{"@type":"ImageObject","inLanguage":"en-US","@id":"https:\/\/touchem.ca\/programme-touchstones\/#primaryimage","url":"https:\/\/touchem.ca\/wp-content\/uploads\/2023\/11\/hand-back-fist-regular-1.svg","contentUrl":"https:\/\/touchem.ca\/wp-content\/uploads\/2023\/11\/hand-back-fist-regular-1.svg"},{"@type":"BreadcrumbList","@id":"https:\/\/touchem.ca\/programme-touchstones\/#breadcrumb","itemListElement":[{"@type":"ListItem","position":1,"name":"Accueil","item":"https:\/\/touchem.ca\/"},{"@type":"ListItem","position":2,"name":"Programme TouchStones"}]},{"@type":"WebSite","@id":"https:\/\/touchem.ca\/#website","url":"https:\/\/touchem.ca\/","name":"TouchEm","description":"Number 1 macro software for quickly performing commands and animations on FiveM \/ RedM servers.","publisher":{"@id":"https:\/\/touchem.ca\/#organization"},"potentialAction":[{"@type":"SearchAction","target":{"@type":"EntryPoint","urlTemplate":"https:\/\/touchem.ca\/?s={search_term_string}"},"query-input":{"@type":"PropertyValueSpecification","valueRequired":true,"valueName":"search_term_string"}}],"inLanguage":"en-US"},{"@type":"Organization","@id":"https:\/\/touchem.ca\/#organization","name":"TouchEm","url":"https:\/\/touchem.ca\/","logo":{"@type":"ImageObject","inLanguage":"en-US","@id":"https:\/\/touchem.ca\/#\/schema\/logo\/image\/","url":"https:\/\/touchem.ca\/wp-content\/uploads\/2022\/03\/couleurs.png","contentUrl":"https:\/\/touchem.ca\/wp-content\/uploads\/2022\/03\/couleurs.png","width":1500,"height":1500,"caption":"TouchEm"},"image":{"@id":"https:\/\/touchem.ca\/#\/schema\/logo\/image\/"}}]}},"_links":{"self":[{"href":"https:\/\/touchem.ca\/en\/wp-json\/wp\/v2\/pages\/2815","targetHints":{"allow":["GET"]}}],"collection":[{"href":"https:\/\/touchem.ca\/en\/wp-json\/wp\/v2\/pages"}],"about":[{"href":"https:\/\/touchem.ca\/en\/wp-json\/wp\/v2\/types\/page"}],"author":[{"embeddable":true,"href":"https:\/\/touchem.ca\/en\/wp-json\/wp\/v2\/users\/1"}],"replies":[{"embeddable":true,"href":"https:\/\/touchem.ca\/en\/wp-json\/wp\/v2\/comments?post=2815"}],"version-history":[{"count":15,"href":"https:\/\/touchem.ca\/en\/wp-json\/wp\/v2\/pages\/2815\/revisions"}],"predecessor-version":[{"id":2845,"href":"https:\/\/touchem.ca\/en\/wp-json\/wp\/v2\/pages\/2815\/revisions\/2845"}],"wp:featuredmedia":[{"embeddable":true,"href":"https:\/\/touchem.ca\/en\/wp-json\/wp\/v2\/media\/2826"}],"wp:attachment":[{"href":"https:\/\/touchem.ca\/en\/wp-json\/wp\/v2\/media?parent=2815"}],"curies":[{"name":"wp","href":"https:\/\/api.w.org\/{rel}","templated":true}]}}