{"id":2736,"date":"2023-08-09T20:43:57","date_gmt":"2023-08-10T00:43:57","guid":{"rendered":"https:\/\/touchem.ca\/?page_id=2736"},"modified":"2023-08-09T20:43:59","modified_gmt":"2023-08-10T00:43:59","slug":"dsr","status":"publish","type":"page","link":"https:\/\/touchem.ca\/en\/dsr\/","title":{"rendered":"Demande d&rsquo;acc\u00e8s \u00e0 l&rsquo;information"},"content":{"rendered":"<p class=\"translation-block\">Under the <a href=\"https:\/\/www.assnat.qc.ca\/Media\/Process.aspx?MediaId=ANQ.Vigie.Bll.DocumentGenerique_159567&amp;process=Default&amp;token=ZyMoxNwUn8ikQ+TRKYwPCjWrKwg+vIv9rjij7p3xLGTZDmLVSmJLoqe\/vG7\/YWzz\" target=\"_self\">loi 25<\/a> of the province of Quebec regarding the protection of information, you have the right to request a copy of the information that TouchEm has about you. You can also request deletion of your personal information, messages sent on forums, your support requests, as well as customer information about you.<\/p>\n\n\n\n<p>To do this, please complete this form.<\/p>\n\n\n<div class=\"gdpr-data-request-block\">\t\t<form action=\"https:\/\/touchem.ca\/wp-admin\/admin-ajax.php\" method=\"post\" id=\"gdrf-form\">\n\t\t\t<input type=\"hidden\" name=\"action\" value=\"gdrf_data_request\" \/>\n\t\t\t<input type=\"hidden\" name=\"gdrf_data_human_key\" id=\"gdrf_data_human_key\" value=\"30006\" \/>\n\t\t\t<input type=\"hidden\" name=\"gdrf_data_nonce\" id=\"gdrf_data_nonce\" value=\"52d1e2bf83\" \/>\n\n\t\t\t\t\t<div class=\"gdrf-field gdrf-field-action\" role=\"radiogroup\" aria-labelledby=\"gdrf-radio-label\">\n\t\t\t\t<p id=\"gdrf-radio-label\">\n\t\t\t\t\tSelect your request:\t\t\t\t<\/p>\n\n\t\t\t\t<input id=\"gdrf-data-type-export\" class=\"gdrf-data-type-input\" type=\"radio\" name=\"gdrf_data_type\" value=\"export_personal_data\" \/>\n\t\t\t\t<label for=\"gdrf-data-type-export\" class=\"gdrf-data-type-label\">\n\t\t\t\t\tExport Personal Data\t\t\t\t<\/label>\n\t\t\t\t<br \/>\n\t\t\t\t<input id=\"gdrf-data-type-remove\" class=\"gdrf-data-type-input\" type=\"radio\" name=\"gdrf_data_type\" value=\"remove_personal_data\" \/>\n\t\t\t\t<label for=\"gdrf-data-type-remove\" class=\"gdrf-data-type-label\">\n\t\t\t\t\tRemove Personal Data\t\t\t\t<\/label>\n\t\t\t<\/div>\n\t\t\n\t\t\t<p class=\"gdrf-field gdrf-field-email\">\n\t\t\t\t<label for=\"gdrf_data_email\">\n\t\t\t\t\tYour email address (required)\t\t\t\t<\/label>\n\t\t\t\t<input type=\"email\" id=\"gdrf_data_email\" name=\"gdrf_data_email\" required \/>\n\t\t\t<\/p>\n\n\t\t\t<p class=\"gdrf-field gdrf-field-human\">\n\t\t\t\t<label for=\"gdrf_data_human\">\n\t\t\t\t\tHuman verification (required):\t\t\t\t\t3\u00a0+\u00a06\u00a0=\u00a0?\t\t\t\t<\/label>\n\t\t\t\t<input type=\"text\" id=\"gdrf_data_human\" name=\"gdrf_data_human\" required \/>\n\t\t\t<\/p>\n\n\t\t\t<p class=\"gdrf-field gdrf-field-submit\">\n\t\t\t\t<input id=\"gdrf-submit-button\" type=\"submit\" class=\"wp-element-button\" value=\"Send Request\" \/>\n\t\t\t<\/p>\n\t\t<\/form>\n\t\t<\/div>\n\n\n<p class=\"translation-block\">Learn more about our <a href=\"https:\/\/touchem.ca\/en\/privacy\/\" target=\"_self\">Privacy Policy<\/a>.<\/p>","protected":false},"excerpt":{"rendered":"<p>En vertu de la loi 25 de la province de Qu\u00e9bec concernant la protection des renseignements, vous avez le droit de demander une copie des informations que TouchEm poss\u00e8de \u00e0 votre sujet. Vous pouvez \u00e9galement demander une suppression de vos renseignements personnels, des messages envoy\u00e9s sur les forums, de vos<span class=\"more-dots\">&#8230;<\/span><\/p>","protected":false},"author":1,"featured_media":2737,"parent":0,"menu_order":0,"comment_status":"closed","ping_status":"closed","template":"","meta":{"_eb_attr":"","footnotes":""},"class_list":["post-2736","page","type-page","status-publish","has-post-thumbnail","hentry"],"yoast_head":"<!-- This site is optimized with the Yoast SEO plugin v27.0 - https:\/\/yoast.com\/product\/yoast-seo-wordpress\/ -->\n<title>Demande d&#039;acc\u00e8s \u00e0 l&#039;information - TouchEm<\/title>\n<meta name=\"description\" content=\"En vertu de la loi 25 de la province de Qu\u00e9bec concernant la protection des renseignements, vous avez le droit de demander une copie des informations que TouchEm poss\u00e8de \u00e0 votre sujet. Vous pouvez \u00e9galement demander une suppression de vos renseignements personnels, des messages envoy\u00e9s sur les forums, de vos demandes de soutien, ainsi que des informations clients vous concernant.\" \/>\n<meta name=\"robots\" content=\"index, follow, max-snippet:-1, max-image-preview:large, max-video-preview:-1\" \/>\n<link rel=\"canonical\" href=\"https:\/\/touchem.ca\/en\/dsr\/\" \/>\n<meta property=\"og:locale\" content=\"en_US\" \/>\n<meta property=\"og:type\" content=\"article\" \/>\n<meta property=\"og:title\" content=\"Demande d&#039;acc\u00e8s \u00e0 l&#039;information - TouchEm\" \/>\n<meta property=\"og:description\" content=\"En vertu de la loi 25 de la province de Qu\u00e9bec concernant la protection des renseignements, vous avez le droit de demander une copie des informations que TouchEm poss\u00e8de \u00e0 votre sujet. Vous pouvez \u00e9galement demander une suppression de vos renseignements personnels, des messages envoy\u00e9s sur les forums, de vos demandes de soutien, ainsi que des informations clients vous concernant.\" \/>\n<meta property=\"og:url\" content=\"https:\/\/touchem.ca\/en\/dsr\/\" \/>\n<meta property=\"og:site_name\" content=\"TouchEm\" \/>\n<meta property=\"article:modified_time\" content=\"2023-08-10T00:43:59+00:00\" \/>\n<meta property=\"og:image\" content=\"https:\/\/touchem.ca\/wp-content\/uploads\/2023\/08\/systeme-gestion-donnees.jpg\" \/>\n\t<meta property=\"og:image:width\" content=\"1100\" \/>\n\t<meta property=\"og:image:height\" content=\"619\" \/>\n\t<meta property=\"og:image:type\" content=\"image\/jpeg\" \/>\n<meta name=\"twitter:card\" content=\"summary_large_image\" \/>\n<meta name=\"twitter:label1\" content=\"Est. reading time\" \/>\n\t<meta name=\"twitter:data1\" content=\"1 minute\" \/>\n<script type=\"application\/ld+json\" class=\"yoast-schema-graph\">{\"@context\":\"https:\/\/schema.org\",\"@graph\":[{\"@type\":\"WebPage\",\"@id\":\"https:\/\/touchem.ca\/dsr\/\",\"url\":\"https:\/\/touchem.ca\/dsr\/\",\"name\":\"Demande d'acc\u00e8s \u00e0 l'information - TouchEm\",\"isPartOf\":{\"@id\":\"https:\/\/touchem.ca\/#website\"},\"primaryImageOfPage\":{\"@id\":\"https:\/\/touchem.ca\/dsr\/#primaryimage\"},\"image\":{\"@id\":\"https:\/\/touchem.ca\/dsr\/#primaryimage\"},\"thumbnailUrl\":\"https:\/\/touchem.ca\/wp-content\/uploads\/2023\/08\/systeme-gestion-donnees.jpg\",\"datePublished\":\"2023-08-10T00:43:57+00:00\",\"dateModified\":\"2023-08-10T00:43:59+00:00\",\"description\":\"En vertu de la loi 25 de la province de Qu\u00e9bec concernant la protection des renseignements, vous avez le droit de demander une copie des informations que TouchEm poss\u00e8de \u00e0 votre sujet. Vous pouvez \u00e9galement demander une suppression de vos renseignements personnels, des messages envoy\u00e9s sur les forums, de vos demandes de soutien, ainsi que des informations clients vous concernant.\",\"breadcrumb\":{\"@id\":\"https:\/\/touchem.ca\/dsr\/#breadcrumb\"},\"inLanguage\":\"en-US\",\"potentialAction\":[{\"@type\":\"ReadAction\",\"target\":[\"https:\/\/touchem.ca\/dsr\/\"]}]},{\"@type\":\"ImageObject\",\"inLanguage\":\"en-US\",\"@id\":\"https:\/\/touchem.ca\/dsr\/#primaryimage\",\"url\":\"https:\/\/touchem.ca\/wp-content\/uploads\/2023\/08\/systeme-gestion-donnees.jpg\",\"contentUrl\":\"https:\/\/touchem.ca\/wp-content\/uploads\/2023\/08\/systeme-gestion-donnees.jpg\",\"width\":1100,\"height\":619},{\"@type\":\"BreadcrumbList\",\"@id\":\"https:\/\/touchem.ca\/dsr\/#breadcrumb\",\"itemListElement\":[{\"@type\":\"ListItem\",\"position\":1,\"name\":\"Accueil\",\"item\":\"https:\/\/touchem.ca\/\"},{\"@type\":\"ListItem\",\"position\":2,\"name\":\"Demande d&#8217;acc\u00e8s \u00e0 l&#8217;information\"}]},{\"@type\":\"WebSite\",\"@id\":\"https:\/\/touchem.ca\/#website\",\"url\":\"https:\/\/touchem.ca\/\",\"name\":\"TouchEm\",\"description\":\"Le logiciel macro num\u00e9ro 1 pour effectuer des commandes et des animations rapidement sur les serveurs FiveM\/RedM.\",\"publisher\":{\"@id\":\"https:\/\/touchem.ca\/#organization\"},\"potentialAction\":[{\"@type\":\"SearchAction\",\"target\":{\"@type\":\"EntryPoint\",\"urlTemplate\":\"https:\/\/touchem.ca\/?s={search_term_string}\"},\"query-input\":{\"@type\":\"PropertyValueSpecification\",\"valueRequired\":true,\"valueName\":\"search_term_string\"}}],\"inLanguage\":\"en-US\"},{\"@type\":\"Organization\",\"@id\":\"https:\/\/touchem.ca\/#organization\",\"name\":\"TouchEm\",\"url\":\"https:\/\/touchem.ca\/\",\"logo\":{\"@type\":\"ImageObject\",\"inLanguage\":\"en-US\",\"@id\":\"https:\/\/touchem.ca\/#\/schema\/logo\/image\/\",\"url\":\"https:\/\/touchem.ca\/wp-content\/uploads\/2022\/03\/couleurs.png\",\"contentUrl\":\"https:\/\/touchem.ca\/wp-content\/uploads\/2022\/03\/couleurs.png\",\"width\":1500,\"height\":1500,\"caption\":\"TouchEm\"},\"image\":{\"@id\":\"https:\/\/touchem.ca\/#\/schema\/logo\/image\/\"}}]}<\/script>\n<!-- \/ Yoast SEO plugin. -->","yoast_head_json":{"title":"Demande d'acc\u00e8s \u00e0 l'information - TouchEm","description":"En vertu de la loi 25 de la province de Qu\u00e9bec concernant la protection des renseignements, vous avez le droit de demander une copie des informations que TouchEm poss\u00e8de \u00e0 votre sujet. Vous pouvez \u00e9galement demander une suppression de vos renseignements personnels, des messages envoy\u00e9s sur les forums, de vos demandes de soutien, ainsi que des informations clients vous concernant.","robots":{"index":"index","follow":"follow","max-snippet":"max-snippet:-1","max-image-preview":"max-image-preview:large","max-video-preview":"max-video-preview:-1"},"canonical":"https:\/\/touchem.ca\/en\/dsr\/","og_locale":"en_US","og_type":"article","og_title":"Demande d'acc\u00e8s \u00e0 l'information - TouchEm","og_description":"En vertu de la loi 25 de la province de Qu\u00e9bec concernant la protection des renseignements, vous avez le droit de demander une copie des informations que TouchEm poss\u00e8de \u00e0 votre sujet. Vous pouvez \u00e9galement demander une suppression de vos renseignements personnels, des messages envoy\u00e9s sur les forums, de vos demandes de soutien, ainsi que des informations clients vous concernant.","og_url":"https:\/\/touchem.ca\/en\/dsr\/","og_site_name":"TouchEm","article_modified_time":"2023-08-10T00:43:59+00:00","og_image":[{"width":1100,"height":619,"url":"https:\/\/touchem.ca\/wp-content\/uploads\/2023\/08\/systeme-gestion-donnees.jpg","type":"image\/jpeg"}],"twitter_card":"summary_large_image","twitter_misc":{"Est. reading time":"1 minute"},"schema":{"@context":"https:\/\/schema.org","@graph":[{"@type":"WebPage","@id":"https:\/\/touchem.ca\/dsr\/","url":"https:\/\/touchem.ca\/dsr\/","name":"Demande d'acc\u00e8s \u00e0 l'information - TouchEm","isPartOf":{"@id":"https:\/\/touchem.ca\/#website"},"primaryImageOfPage":{"@id":"https:\/\/touchem.ca\/dsr\/#primaryimage"},"image":{"@id":"https:\/\/touchem.ca\/dsr\/#primaryimage"},"thumbnailUrl":"https:\/\/touchem.ca\/wp-content\/uploads\/2023\/08\/systeme-gestion-donnees.jpg","datePublished":"2023-08-10T00:43:57+00:00","dateModified":"2023-08-10T00:43:59+00:00","description":"En vertu de la loi 25 de la province de Qu\u00e9bec concernant la protection des renseignements, vous avez le droit de demander une copie des informations que TouchEm poss\u00e8de \u00e0 votre sujet. Vous pouvez \u00e9galement demander une suppression de vos renseignements personnels, des messages envoy\u00e9s sur les forums, de vos demandes de soutien, ainsi que des informations clients vous concernant.","breadcrumb":{"@id":"https:\/\/touchem.ca\/dsr\/#breadcrumb"},"inLanguage":"en-US","potentialAction":[{"@type":"ReadAction","target":["https:\/\/touchem.ca\/dsr\/"]}]},{"@type":"ImageObject","inLanguage":"en-US","@id":"https:\/\/touchem.ca\/dsr\/#primaryimage","url":"https:\/\/touchem.ca\/wp-content\/uploads\/2023\/08\/systeme-gestion-donnees.jpg","contentUrl":"https:\/\/touchem.ca\/wp-content\/uploads\/2023\/08\/systeme-gestion-donnees.jpg","width":1100,"height":619},{"@type":"BreadcrumbList","@id":"https:\/\/touchem.ca\/dsr\/#breadcrumb","itemListElement":[{"@type":"ListItem","position":1,"name":"Accueil","item":"https:\/\/touchem.ca\/"},{"@type":"ListItem","position":2,"name":"Demande d&#8217;acc\u00e8s \u00e0 l&#8217;information"}]},{"@type":"WebSite","@id":"https:\/\/touchem.ca\/#website","url":"https:\/\/touchem.ca\/","name":"TouchEm","description":"Number 1 macro software for quickly performing commands and animations on FiveM \/ RedM servers.","publisher":{"@id":"https:\/\/touchem.ca\/#organization"},"potentialAction":[{"@type":"SearchAction","target":{"@type":"EntryPoint","urlTemplate":"https:\/\/touchem.ca\/?s={search_term_string}"},"query-input":{"@type":"PropertyValueSpecification","valueRequired":true,"valueName":"search_term_string"}}],"inLanguage":"en-US"},{"@type":"Organization","@id":"https:\/\/touchem.ca\/#organization","name":"TouchEm","url":"https:\/\/touchem.ca\/","logo":{"@type":"ImageObject","inLanguage":"en-US","@id":"https:\/\/touchem.ca\/#\/schema\/logo\/image\/","url":"https:\/\/touchem.ca\/wp-content\/uploads\/2022\/03\/couleurs.png","contentUrl":"https:\/\/touchem.ca\/wp-content\/uploads\/2022\/03\/couleurs.png","width":1500,"height":1500,"caption":"TouchEm"},"image":{"@id":"https:\/\/touchem.ca\/#\/schema\/logo\/image\/"}}]}},"_links":{"self":[{"href":"https:\/\/touchem.ca\/en\/wp-json\/wp\/v2\/pages\/2736","targetHints":{"allow":["GET"]}}],"collection":[{"href":"https:\/\/touchem.ca\/en\/wp-json\/wp\/v2\/pages"}],"about":[{"href":"https:\/\/touchem.ca\/en\/wp-json\/wp\/v2\/types\/page"}],"author":[{"embeddable":true,"href":"https:\/\/touchem.ca\/en\/wp-json\/wp\/v2\/users\/1"}],"replies":[{"embeddable":true,"href":"https:\/\/touchem.ca\/en\/wp-json\/wp\/v2\/comments?post=2736"}],"version-history":[{"count":1,"href":"https:\/\/touchem.ca\/en\/wp-json\/wp\/v2\/pages\/2736\/revisions"}],"predecessor-version":[{"id":2738,"href":"https:\/\/touchem.ca\/en\/wp-json\/wp\/v2\/pages\/2736\/revisions\/2738"}],"wp:featuredmedia":[{"embeddable":true,"href":"https:\/\/touchem.ca\/en\/wp-json\/wp\/v2\/media\/2737"}],"wp:attachment":[{"href":"https:\/\/touchem.ca\/en\/wp-json\/wp\/v2\/media?parent=2736"}],"curies":[{"name":"wp","href":"https:\/\/api.w.org\/{rel}","templated":true}]}}