{"id":2693,"date":"2023-07-29T13:32:09","date_gmt":"2023-07-29T17:32:09","guid":{"rendered":"https:\/\/touchem.ca\/?page_id=2693"},"modified":"2023-07-30T20:17:52","modified_gmt":"2023-07-31T00:17:52","slug":"outils","status":"publish","type":"page","link":"https:\/\/touchem.ca\/en\/outils\/","title":{"rendered":"Outils"},"content":{"rendered":"<p>Bienvenue sur la page des Outils TouchEm ! Explorez notre s\u00e9lection d&rsquo;outils compl\u00e9mentaires soigneusement con\u00e7us pour am\u00e9liorer votre exp\u00e9rience avec le logiciel TouchEm. Profitez de fonctionnalit\u00e9s suppl\u00e9mentaires telles que des convertisseurs de profil, des assistants de configuration et bien plus encore. Ces outils pratiques vous permettront de personnaliser votre utilisation selon vos pr\u00e9f\u00e9rences et de tirer le meilleur parti de TouchEm. Essayez d\u00e8s maintenant nos Outils TouchEm pour optimiser votre exp\u00e9rience avec le logiciel principal.<\/p>","protected":false},"excerpt":{"rendered":"<p>Explorez notre s\u00e9lection d&rsquo;outils compl\u00e9mentaires soigneusement con\u00e7us pour am\u00e9liorer votre exp\u00e9rience avec le logiciel, telles que des convertisseurs de profil, des assistants de configuration et bien plus encore.<\/p>","protected":false},"author":1,"featured_media":2699,"parent":0,"menu_order":0,"comment_status":"closed","ping_status":"closed","template":"","meta":{"_eb_attr":"","footnotes":""},"class_list":["post-2693","page","type-page","status-publish","has-post-thumbnail","hentry"],"yoast_head":"<!-- This site is optimized with the Yoast SEO plugin v27.0 - https:\/\/yoast.com\/product\/yoast-seo-wordpress\/ -->\n<title>Outils - TouchEm<\/title>\n<meta name=\"description\" content=\"Explorez notre s\u00e9lection d&#039;outils compl\u00e9mentaires soigneusement con\u00e7us pour am\u00e9liorer votre exp\u00e9rience avec le logiciel, telles que des convertisseurs de profil, des assistants de configuration et bien plus encore.\" \/>\n<meta name=\"robots\" content=\"index, follow, max-snippet:-1, max-image-preview:large, max-video-preview:-1\" \/>\n<link rel=\"canonical\" href=\"https:\/\/touchem.ca\/en\/outils\/\" \/>\n<meta property=\"og:locale\" content=\"en_US\" \/>\n<meta property=\"og:type\" content=\"article\" \/>\n<meta property=\"og:title\" content=\"Outils - TouchEm\" \/>\n<meta property=\"og:description\" content=\"Explorez notre s\u00e9lection d&#039;outils compl\u00e9mentaires soigneusement con\u00e7us pour am\u00e9liorer votre exp\u00e9rience avec le logiciel, telles que des convertisseurs de profil, des assistants de configuration et bien plus encore.\" \/>\n<meta property=\"og:url\" content=\"https:\/\/touchem.ca\/en\/outils\/\" \/>\n<meta property=\"og:site_name\" content=\"TouchEm\" \/>\n<meta property=\"article:modified_time\" content=\"2023-07-31T00:17:52+00:00\" \/>\n<meta property=\"og:image\" content=\"https:\/\/touchem.ca\/wp-content\/uploads\/2023\/07\/maintenance-tools-kit-icon-graphicon-digital-device-screen-scaled.jpg\" \/>\n\t<meta property=\"og:image:width\" content=\"2560\" \/>\n\t<meta property=\"og:image:height\" content=\"1709\" \/>\n\t<meta property=\"og:image:type\" content=\"image\/jpeg\" \/>\n<meta name=\"twitter:card\" content=\"summary_large_image\" \/>\n<meta name=\"twitter:label1\" content=\"Est. reading time\" \/>\n\t<meta name=\"twitter:data1\" content=\"1 minute\" \/>\n<script type=\"application\/ld+json\" class=\"yoast-schema-graph\">{\"@context\":\"https:\/\/schema.org\",\"@graph\":[{\"@type\":\"WebPage\",\"@id\":\"https:\/\/touchem.ca\/outils\/\",\"url\":\"https:\/\/touchem.ca\/outils\/\",\"name\":\"Outils - TouchEm\",\"isPartOf\":{\"@id\":\"https:\/\/touchem.ca\/#website\"},\"primaryImageOfPage\":{\"@id\":\"https:\/\/touchem.ca\/outils\/#primaryimage\"},\"image\":{\"@id\":\"https:\/\/touchem.ca\/outils\/#primaryimage\"},\"thumbnailUrl\":\"https:\/\/touchem.ca\/wp-content\/uploads\/2023\/07\/maintenance-tools-kit-icon-graphicon-digital-device-screen-scaled.jpg\",\"datePublished\":\"2023-07-29T17:32:09+00:00\",\"dateModified\":\"2023-07-31T00:17:52+00:00\",\"description\":\"Explorez notre s\u00e9lection d'outils compl\u00e9mentaires soigneusement con\u00e7us pour am\u00e9liorer votre exp\u00e9rience avec le logiciel, telles que des convertisseurs de profil, des assistants de configuration et bien plus encore.\",\"breadcrumb\":{\"@id\":\"https:\/\/touchem.ca\/outils\/#breadcrumb\"},\"inLanguage\":\"en-US\",\"potentialAction\":[{\"@type\":\"ReadAction\",\"target\":[\"https:\/\/touchem.ca\/outils\/\"]}]},{\"@type\":\"ImageObject\",\"inLanguage\":\"en-US\",\"@id\":\"https:\/\/touchem.ca\/outils\/#primaryimage\",\"url\":\"https:\/\/touchem.ca\/wp-content\/uploads\/2023\/07\/maintenance-tools-kit-icon-graphicon-digital-device-screen-scaled.jpg\",\"contentUrl\":\"https:\/\/touchem.ca\/wp-content\/uploads\/2023\/07\/maintenance-tools-kit-icon-graphicon-digital-device-screen-scaled.jpg\",\"width\":2560,\"height\":1709,\"caption\":\"Maintenance tools kit icon graphicon digital device screen\"},{\"@type\":\"BreadcrumbList\",\"@id\":\"https:\/\/touchem.ca\/outils\/#breadcrumb\",\"itemListElement\":[{\"@type\":\"ListItem\",\"position\":1,\"name\":\"Accueil\",\"item\":\"https:\/\/touchem.ca\/\"},{\"@type\":\"ListItem\",\"position\":2,\"name\":\"Outils\"}]},{\"@type\":\"WebSite\",\"@id\":\"https:\/\/touchem.ca\/#website\",\"url\":\"https:\/\/touchem.ca\/\",\"name\":\"TouchEm\",\"description\":\"Le logiciel macro num\u00e9ro 1 pour effectuer des commandes et des animations rapidement sur les serveurs FiveM\/RedM.\",\"publisher\":{\"@id\":\"https:\/\/touchem.ca\/#organization\"},\"potentialAction\":[{\"@type\":\"SearchAction\",\"target\":{\"@type\":\"EntryPoint\",\"urlTemplate\":\"https:\/\/touchem.ca\/?s={search_term_string}\"},\"query-input\":{\"@type\":\"PropertyValueSpecification\",\"valueRequired\":true,\"valueName\":\"search_term_string\"}}],\"inLanguage\":\"en-US\"},{\"@type\":\"Organization\",\"@id\":\"https:\/\/touchem.ca\/#organization\",\"name\":\"TouchEm\",\"url\":\"https:\/\/touchem.ca\/\",\"logo\":{\"@type\":\"ImageObject\",\"inLanguage\":\"en-US\",\"@id\":\"https:\/\/touchem.ca\/#\/schema\/logo\/image\/\",\"url\":\"https:\/\/touchem.ca\/wp-content\/uploads\/2022\/03\/couleurs.png\",\"contentUrl\":\"https:\/\/touchem.ca\/wp-content\/uploads\/2022\/03\/couleurs.png\",\"width\":1500,\"height\":1500,\"caption\":\"TouchEm\"},\"image\":{\"@id\":\"https:\/\/touchem.ca\/#\/schema\/logo\/image\/\"}}]}<\/script>\n<!-- \/ Yoast SEO plugin. -->","yoast_head_json":{"title":"Outils - TouchEm","description":"Explorez notre s\u00e9lection d'outils compl\u00e9mentaires soigneusement con\u00e7us pour am\u00e9liorer votre exp\u00e9rience avec le logiciel, telles que des convertisseurs de profil, des assistants de configuration et bien plus encore.","robots":{"index":"index","follow":"follow","max-snippet":"max-snippet:-1","max-image-preview":"max-image-preview:large","max-video-preview":"max-video-preview:-1"},"canonical":"https:\/\/touchem.ca\/en\/outils\/","og_locale":"en_US","og_type":"article","og_title":"Outils - TouchEm","og_description":"Explorez notre s\u00e9lection d'outils compl\u00e9mentaires soigneusement con\u00e7us pour am\u00e9liorer votre exp\u00e9rience avec le logiciel, telles que des convertisseurs de profil, des assistants de configuration et bien plus encore.","og_url":"https:\/\/touchem.ca\/en\/outils\/","og_site_name":"TouchEm","article_modified_time":"2023-07-31T00:17:52+00:00","og_image":[{"width":2560,"height":1709,"url":"https:\/\/touchem.ca\/wp-content\/uploads\/2023\/07\/maintenance-tools-kit-icon-graphicon-digital-device-screen-scaled.jpg","type":"image\/jpeg"}],"twitter_card":"summary_large_image","twitter_misc":{"Est. reading time":"1 minute"},"schema":{"@context":"https:\/\/schema.org","@graph":[{"@type":"WebPage","@id":"https:\/\/touchem.ca\/outils\/","url":"https:\/\/touchem.ca\/outils\/","name":"Outils - TouchEm","isPartOf":{"@id":"https:\/\/touchem.ca\/#website"},"primaryImageOfPage":{"@id":"https:\/\/touchem.ca\/outils\/#primaryimage"},"image":{"@id":"https:\/\/touchem.ca\/outils\/#primaryimage"},"thumbnailUrl":"https:\/\/touchem.ca\/wp-content\/uploads\/2023\/07\/maintenance-tools-kit-icon-graphicon-digital-device-screen-scaled.jpg","datePublished":"2023-07-29T17:32:09+00:00","dateModified":"2023-07-31T00:17:52+00:00","description":"Explorez notre s\u00e9lection d'outils compl\u00e9mentaires soigneusement con\u00e7us pour am\u00e9liorer votre exp\u00e9rience avec le logiciel, telles que des convertisseurs de profil, des assistants de configuration et bien plus encore.","breadcrumb":{"@id":"https:\/\/touchem.ca\/outils\/#breadcrumb"},"inLanguage":"en-US","potentialAction":[{"@type":"ReadAction","target":["https:\/\/touchem.ca\/outils\/"]}]},{"@type":"ImageObject","inLanguage":"en-US","@id":"https:\/\/touchem.ca\/outils\/#primaryimage","url":"https:\/\/touchem.ca\/wp-content\/uploads\/2023\/07\/maintenance-tools-kit-icon-graphicon-digital-device-screen-scaled.jpg","contentUrl":"https:\/\/touchem.ca\/wp-content\/uploads\/2023\/07\/maintenance-tools-kit-icon-graphicon-digital-device-screen-scaled.jpg","width":2560,"height":1709,"caption":"Maintenance tools kit icon graphicon digital device screen"},{"@type":"BreadcrumbList","@id":"https:\/\/touchem.ca\/outils\/#breadcrumb","itemListElement":[{"@type":"ListItem","position":1,"name":"Accueil","item":"https:\/\/touchem.ca\/"},{"@type":"ListItem","position":2,"name":"Outils"}]},{"@type":"WebSite","@id":"https:\/\/touchem.ca\/#website","url":"https:\/\/touchem.ca\/","name":"TouchEm","description":"Number 1 macro software for quickly performing commands and animations on FiveM \/ RedM servers.","publisher":{"@id":"https:\/\/touchem.ca\/#organization"},"potentialAction":[{"@type":"SearchAction","target":{"@type":"EntryPoint","urlTemplate":"https:\/\/touchem.ca\/?s={search_term_string}"},"query-input":{"@type":"PropertyValueSpecification","valueRequired":true,"valueName":"search_term_string"}}],"inLanguage":"en-US"},{"@type":"Organization","@id":"https:\/\/touchem.ca\/#organization","name":"TouchEm","url":"https:\/\/touchem.ca\/","logo":{"@type":"ImageObject","inLanguage":"en-US","@id":"https:\/\/touchem.ca\/#\/schema\/logo\/image\/","url":"https:\/\/touchem.ca\/wp-content\/uploads\/2022\/03\/couleurs.png","contentUrl":"https:\/\/touchem.ca\/wp-content\/uploads\/2022\/03\/couleurs.png","width":1500,"height":1500,"caption":"TouchEm"},"image":{"@id":"https:\/\/touchem.ca\/#\/schema\/logo\/image\/"}}]}},"_links":{"self":[{"href":"https:\/\/touchem.ca\/en\/wp-json\/wp\/v2\/pages\/2693","targetHints":{"allow":["GET"]}}],"collection":[{"href":"https:\/\/touchem.ca\/en\/wp-json\/wp\/v2\/pages"}],"about":[{"href":"https:\/\/touchem.ca\/en\/wp-json\/wp\/v2\/types\/page"}],"author":[{"embeddable":true,"href":"https:\/\/touchem.ca\/en\/wp-json\/wp\/v2\/users\/1"}],"replies":[{"embeddable":true,"href":"https:\/\/touchem.ca\/en\/wp-json\/wp\/v2\/comments?post=2693"}],"version-history":[{"count":12,"href":"https:\/\/touchem.ca\/en\/wp-json\/wp\/v2\/pages\/2693\/revisions"}],"predecessor-version":[{"id":2723,"href":"https:\/\/touchem.ca\/en\/wp-json\/wp\/v2\/pages\/2693\/revisions\/2723"}],"wp:featuredmedia":[{"embeddable":true,"href":"https:\/\/touchem.ca\/en\/wp-json\/wp\/v2\/media\/2699"}],"wp:attachment":[{"href":"https:\/\/touchem.ca\/en\/wp-json\/wp\/v2\/media?parent=2693"}],"curies":[{"name":"wp","href":"https:\/\/api.w.org\/{rel}","templated":true}]}}