{"id":2691,"date":"2023-07-29T13:25:23","date_gmt":"2023-07-29T17:25:23","guid":{"rendered":"https:\/\/touchem.ca\/?page_id=2691"},"modified":"2023-09-15T21:44:57","modified_gmt":"2023-09-16T01:44:57","slug":"convertisseur-de-profils","status":"publish","type":"page","link":"https:\/\/touchem.ca\/en\/outils\/convertisseur-de-profils\/","title":{"rendered":"Convertisseur de profils"},"content":{"rendered":"<p>D\u00e9couvrez notre convertisseur de profils, l&rsquo;outil essentiel pour une mise \u00e0 jour en douceur de vos profils d&rsquo;une version ant\u00e9rieure (1.3.0 &#8211; 1.6.6) \u00e0 la version 2.0.0. Facilitez la transition avec une solution conviviale qui pr\u00e9serve toutes vos donn\u00e9es et pr\u00e9f\u00e9rences. Null besoin de refaire vos profils \u00e0 partir de z\u00e9ro. Ne laissez pas cette mise \u00e0 jour compliquer votre exp\u00e9rience. Profitez de la toute <a href=\"https:\/\/touchem.ca\/en\/download\/touchem\/\">derni\u00e8re version de TouchEm<\/a> sans soucis ni perturbations.<\/p>\n\n\n\n<p>Si des items n&rsquo;ont pas pu \u00eatre converti, ce message s&rsquo;affichera sur les boutons concern\u00e9s : <\/p>\n\n\n\n<figure class=\"wp-block-image size-full\"><img decoding=\"async\" width=\"316\" height=\"73\" src=\"https:\/\/touchem.ca\/wp-content\/uploads\/2023\/09\/image.png\" alt=\"\" class=\"wp-image-2777\" srcset=\"https:\/\/touchem.ca\/wp-content\/uploads\/2023\/09\/image.png 316w, https:\/\/touchem.ca\/wp-content\/uploads\/2023\/09\/image-300x69.png 300w\" sizes=\"(max-width: 316px) 100vw, 316px\" \/><\/figure>\n\n\n\n<p><\/p>\n\n\n\n<p>Si jamais vous avez des probl\u00e8mes avec le convertisseur, n&rsquo;h\u00e9sitez surtout pas \u00e0 cr\u00e9er un billet gr\u00e2ce \u00e0 notre syst\u00e8me de billet : <a href=\"https:\/\/support.touchem.ca\/\">https:\/\/support.touchem.ca\/<\/a><\/p>","protected":false},"excerpt":{"rendered":"<p>Convertisseur de profils TouchEm d&rsquo;une version ant\u00e9rieure \u00e0 2.0.0 vers la version 2.0.0 ou une version ult\u00e9rieure.<\/p>","protected":false},"author":1,"featured_media":2699,"parent":2693,"menu_order":0,"comment_status":"closed","ping_status":"closed","template":"","meta":{"_eb_attr":"","footnotes":""},"class_list":["post-2691","page","type-page","status-publish","has-post-thumbnail","hentry"],"yoast_head":"<!-- This site is optimized with the Yoast SEO plugin v27.0 - https:\/\/yoast.com\/product\/yoast-seo-wordpress\/ -->\n<title>Convertisseur de profils - TouchEm<\/title>\n<meta name=\"description\" content=\"D\u00e9couvrez notre convertisseur de profils, l&#039;outil essentiel pour une mise \u00e0 jour en douceur de vos profils d&#039;une version ant\u00e9rieure (1.3.0 - 1.6.6) \u00e0 la version 2.0.0. Facilitez la transition avec une solution conviviale qui pr\u00e9serve toutes vos donn\u00e9es et pr\u00e9f\u00e9rences. Null besoin de refaire vos profils \u00e0 partir de z\u00e9ro. Ne laissez pas cette mise \u00e0 jour compliquer votre exp\u00e9rience. Profitez de la toute derni\u00e8re version de TouchEm sans soucis ni perturbations.\" \/>\n<meta name=\"robots\" content=\"index, follow, max-snippet:-1, max-image-preview:large, max-video-preview:-1\" \/>\n<link rel=\"canonical\" href=\"https:\/\/touchem.ca\/en\/outils\/convertisseur-de-profils\/\" \/>\n<meta property=\"og:locale\" content=\"en_US\" \/>\n<meta property=\"og:type\" content=\"article\" \/>\n<meta property=\"og:title\" content=\"Convertisseur de profils - TouchEm\" \/>\n<meta property=\"og:description\" content=\"D\u00e9couvrez notre convertisseur de profils, l&#039;outil essentiel pour une mise \u00e0 jour en douceur de vos profils d&#039;une version ant\u00e9rieure (1.3.0 - 1.6.6) \u00e0 la version 2.0.0. Facilitez la transition avec une solution conviviale qui pr\u00e9serve toutes vos donn\u00e9es et pr\u00e9f\u00e9rences. Null besoin de refaire vos profils \u00e0 partir de z\u00e9ro. Ne laissez pas cette mise \u00e0 jour compliquer votre exp\u00e9rience. Profitez de la toute derni\u00e8re version de TouchEm sans soucis ni perturbations.\" \/>\n<meta property=\"og:url\" content=\"https:\/\/touchem.ca\/en\/outils\/convertisseur-de-profils\/\" \/>\n<meta property=\"og:site_name\" content=\"TouchEm\" \/>\n<meta property=\"article:modified_time\" content=\"2023-09-16T01:44:57+00:00\" \/>\n<meta property=\"og:image\" content=\"https:\/\/touchem.ca\/wp-content\/uploads\/2023\/07\/maintenance-tools-kit-icon-graphicon-digital-device-screen-scaled.jpg\" \/>\n\t<meta property=\"og:image:width\" content=\"2560\" \/>\n\t<meta property=\"og:image:height\" content=\"1709\" \/>\n\t<meta property=\"og:image:type\" content=\"image\/jpeg\" \/>\n<meta name=\"twitter:card\" content=\"summary_large_image\" \/>\n<meta name=\"twitter:label1\" content=\"Est. reading time\" \/>\n\t<meta name=\"twitter:data1\" content=\"1 minute\" \/>\n<script type=\"application\/ld+json\" class=\"yoast-schema-graph\">{\"@context\":\"https:\/\/schema.org\",\"@graph\":[{\"@type\":\"WebPage\",\"@id\":\"https:\/\/touchem.ca\/outils\/convertisseur-de-profils\/\",\"url\":\"https:\/\/touchem.ca\/outils\/convertisseur-de-profils\/\",\"name\":\"Convertisseur de profils - TouchEm\",\"isPartOf\":{\"@id\":\"https:\/\/touchem.ca\/#website\"},\"primaryImageOfPage\":{\"@id\":\"https:\/\/touchem.ca\/outils\/convertisseur-de-profils\/#primaryimage\"},\"image\":{\"@id\":\"https:\/\/touchem.ca\/outils\/convertisseur-de-profils\/#primaryimage\"},\"thumbnailUrl\":\"https:\/\/touchem.ca\/wp-content\/uploads\/2023\/07\/maintenance-tools-kit-icon-graphicon-digital-device-screen-scaled.jpg\",\"datePublished\":\"2023-07-29T17:25:23+00:00\",\"dateModified\":\"2023-09-16T01:44:57+00:00\",\"description\":\"D\u00e9couvrez notre convertisseur de profils, l'outil essentiel pour une mise \u00e0 jour en douceur de vos profils d'une version ant\u00e9rieure (1.3.0 - 1.6.6) \u00e0 la version 2.0.0. Facilitez la transition avec une solution conviviale qui pr\u00e9serve toutes vos donn\u00e9es et pr\u00e9f\u00e9rences. Null besoin de refaire vos profils \u00e0 partir de z\u00e9ro. Ne laissez pas cette mise \u00e0 jour compliquer votre exp\u00e9rience. Profitez de la toute derni\u00e8re version de TouchEm sans soucis ni perturbations.\",\"breadcrumb\":{\"@id\":\"https:\/\/touchem.ca\/outils\/convertisseur-de-profils\/#breadcrumb\"},\"inLanguage\":\"en-US\",\"potentialAction\":[{\"@type\":\"ReadAction\",\"target\":[\"https:\/\/touchem.ca\/outils\/convertisseur-de-profils\/\"]}]},{\"@type\":\"ImageObject\",\"inLanguage\":\"en-US\",\"@id\":\"https:\/\/touchem.ca\/outils\/convertisseur-de-profils\/#primaryimage\",\"url\":\"https:\/\/touchem.ca\/wp-content\/uploads\/2023\/07\/maintenance-tools-kit-icon-graphicon-digital-device-screen-scaled.jpg\",\"contentUrl\":\"https:\/\/touchem.ca\/wp-content\/uploads\/2023\/07\/maintenance-tools-kit-icon-graphicon-digital-device-screen-scaled.jpg\",\"width\":2560,\"height\":1709,\"caption\":\"Maintenance tools kit icon graphicon digital device screen\"},{\"@type\":\"BreadcrumbList\",\"@id\":\"https:\/\/touchem.ca\/outils\/convertisseur-de-profils\/#breadcrumb\",\"itemListElement\":[{\"@type\":\"ListItem\",\"position\":1,\"name\":\"Accueil\",\"item\":\"https:\/\/touchem.ca\/\"},{\"@type\":\"ListItem\",\"position\":2,\"name\":\"Outils\",\"item\":\"https:\/\/touchem.ca\/outils\/\"},{\"@type\":\"ListItem\",\"position\":3,\"name\":\"Convertisseur de profils\"}]},{\"@type\":\"WebSite\",\"@id\":\"https:\/\/touchem.ca\/#website\",\"url\":\"https:\/\/touchem.ca\/\",\"name\":\"TouchEm\",\"description\":\"Le logiciel macro num\u00e9ro 1 pour effectuer des commandes et des animations rapidement sur les serveurs FiveM\/RedM.\",\"publisher\":{\"@id\":\"https:\/\/touchem.ca\/#organization\"},\"potentialAction\":[{\"@type\":\"SearchAction\",\"target\":{\"@type\":\"EntryPoint\",\"urlTemplate\":\"https:\/\/touchem.ca\/?s={search_term_string}\"},\"query-input\":{\"@type\":\"PropertyValueSpecification\",\"valueRequired\":true,\"valueName\":\"search_term_string\"}}],\"inLanguage\":\"en-US\"},{\"@type\":\"Organization\",\"@id\":\"https:\/\/touchem.ca\/#organization\",\"name\":\"TouchEm\",\"url\":\"https:\/\/touchem.ca\/\",\"logo\":{\"@type\":\"ImageObject\",\"inLanguage\":\"en-US\",\"@id\":\"https:\/\/touchem.ca\/#\/schema\/logo\/image\/\",\"url\":\"https:\/\/touchem.ca\/wp-content\/uploads\/2022\/03\/couleurs.png\",\"contentUrl\":\"https:\/\/touchem.ca\/wp-content\/uploads\/2022\/03\/couleurs.png\",\"width\":1500,\"height\":1500,\"caption\":\"TouchEm\"},\"image\":{\"@id\":\"https:\/\/touchem.ca\/#\/schema\/logo\/image\/\"}}]}<\/script>\n<!-- \/ Yoast SEO plugin. -->","yoast_head_json":{"title":"Convertisseur de profils - TouchEm","description":"D\u00e9couvrez notre convertisseur de profils, l'outil essentiel pour une mise \u00e0 jour en douceur de vos profils d'une version ant\u00e9rieure (1.3.0 - 1.6.6) \u00e0 la version 2.0.0. Facilitez la transition avec une solution conviviale qui pr\u00e9serve toutes vos donn\u00e9es et pr\u00e9f\u00e9rences. Null besoin de refaire vos profils \u00e0 partir de z\u00e9ro. Ne laissez pas cette mise \u00e0 jour compliquer votre exp\u00e9rience. Profitez de la toute derni\u00e8re version de TouchEm sans soucis ni perturbations.","robots":{"index":"index","follow":"follow","max-snippet":"max-snippet:-1","max-image-preview":"max-image-preview:large","max-video-preview":"max-video-preview:-1"},"canonical":"https:\/\/touchem.ca\/en\/outils\/convertisseur-de-profils\/","og_locale":"en_US","og_type":"article","og_title":"Convertisseur de profils - TouchEm","og_description":"D\u00e9couvrez notre convertisseur de profils, l'outil essentiel pour une mise \u00e0 jour en douceur de vos profils d'une version ant\u00e9rieure (1.3.0 - 1.6.6) \u00e0 la version 2.0.0. Facilitez la transition avec une solution conviviale qui pr\u00e9serve toutes vos donn\u00e9es et pr\u00e9f\u00e9rences. Null besoin de refaire vos profils \u00e0 partir de z\u00e9ro. Ne laissez pas cette mise \u00e0 jour compliquer votre exp\u00e9rience. Profitez de la toute derni\u00e8re version de TouchEm sans soucis ni perturbations.","og_url":"https:\/\/touchem.ca\/en\/outils\/convertisseur-de-profils\/","og_site_name":"TouchEm","article_modified_time":"2023-09-16T01:44:57+00:00","og_image":[{"width":2560,"height":1709,"url":"https:\/\/touchem.ca\/wp-content\/uploads\/2023\/07\/maintenance-tools-kit-icon-graphicon-digital-device-screen-scaled.jpg","type":"image\/jpeg"}],"twitter_card":"summary_large_image","twitter_misc":{"Est. reading time":"1 minute"},"schema":{"@context":"https:\/\/schema.org","@graph":[{"@type":"WebPage","@id":"https:\/\/touchem.ca\/outils\/convertisseur-de-profils\/","url":"https:\/\/touchem.ca\/outils\/convertisseur-de-profils\/","name":"Convertisseur de profils - TouchEm","isPartOf":{"@id":"https:\/\/touchem.ca\/#website"},"primaryImageOfPage":{"@id":"https:\/\/touchem.ca\/outils\/convertisseur-de-profils\/#primaryimage"},"image":{"@id":"https:\/\/touchem.ca\/outils\/convertisseur-de-profils\/#primaryimage"},"thumbnailUrl":"https:\/\/touchem.ca\/wp-content\/uploads\/2023\/07\/maintenance-tools-kit-icon-graphicon-digital-device-screen-scaled.jpg","datePublished":"2023-07-29T17:25:23+00:00","dateModified":"2023-09-16T01:44:57+00:00","description":"D\u00e9couvrez notre convertisseur de profils, l'outil essentiel pour une mise \u00e0 jour en douceur de vos profils d'une version ant\u00e9rieure (1.3.0 - 1.6.6) \u00e0 la version 2.0.0. Facilitez la transition avec une solution conviviale qui pr\u00e9serve toutes vos donn\u00e9es et pr\u00e9f\u00e9rences. Null besoin de refaire vos profils \u00e0 partir de z\u00e9ro. Ne laissez pas cette mise \u00e0 jour compliquer votre exp\u00e9rience. Profitez de la toute derni\u00e8re version de TouchEm sans soucis ni perturbations.","breadcrumb":{"@id":"https:\/\/touchem.ca\/outils\/convertisseur-de-profils\/#breadcrumb"},"inLanguage":"en-US","potentialAction":[{"@type":"ReadAction","target":["https:\/\/touchem.ca\/outils\/convertisseur-de-profils\/"]}]},{"@type":"ImageObject","inLanguage":"en-US","@id":"https:\/\/touchem.ca\/outils\/convertisseur-de-profils\/#primaryimage","url":"https:\/\/touchem.ca\/wp-content\/uploads\/2023\/07\/maintenance-tools-kit-icon-graphicon-digital-device-screen-scaled.jpg","contentUrl":"https:\/\/touchem.ca\/wp-content\/uploads\/2023\/07\/maintenance-tools-kit-icon-graphicon-digital-device-screen-scaled.jpg","width":2560,"height":1709,"caption":"Maintenance tools kit icon graphicon digital device screen"},{"@type":"BreadcrumbList","@id":"https:\/\/touchem.ca\/outils\/convertisseur-de-profils\/#breadcrumb","itemListElement":[{"@type":"ListItem","position":1,"name":"Accueil","item":"https:\/\/touchem.ca\/"},{"@type":"ListItem","position":2,"name":"Outils","item":"https:\/\/touchem.ca\/outils\/"},{"@type":"ListItem","position":3,"name":"Convertisseur de profils"}]},{"@type":"WebSite","@id":"https:\/\/touchem.ca\/#website","url":"https:\/\/touchem.ca\/","name":"TouchEm","description":"Number 1 macro software for quickly performing commands and animations on FiveM \/ RedM servers.","publisher":{"@id":"https:\/\/touchem.ca\/#organization"},"potentialAction":[{"@type":"SearchAction","target":{"@type":"EntryPoint","urlTemplate":"https:\/\/touchem.ca\/?s={search_term_string}"},"query-input":{"@type":"PropertyValueSpecification","valueRequired":true,"valueName":"search_term_string"}}],"inLanguage":"en-US"},{"@type":"Organization","@id":"https:\/\/touchem.ca\/#organization","name":"TouchEm","url":"https:\/\/touchem.ca\/","logo":{"@type":"ImageObject","inLanguage":"en-US","@id":"https:\/\/touchem.ca\/#\/schema\/logo\/image\/","url":"https:\/\/touchem.ca\/wp-content\/uploads\/2022\/03\/couleurs.png","contentUrl":"https:\/\/touchem.ca\/wp-content\/uploads\/2022\/03\/couleurs.png","width":1500,"height":1500,"caption":"TouchEm"},"image":{"@id":"https:\/\/touchem.ca\/#\/schema\/logo\/image\/"}}]}},"_links":{"self":[{"href":"https:\/\/touchem.ca\/en\/wp-json\/wp\/v2\/pages\/2691","targetHints":{"allow":["GET"]}}],"collection":[{"href":"https:\/\/touchem.ca\/en\/wp-json\/wp\/v2\/pages"}],"about":[{"href":"https:\/\/touchem.ca\/en\/wp-json\/wp\/v2\/types\/page"}],"author":[{"embeddable":true,"href":"https:\/\/touchem.ca\/en\/wp-json\/wp\/v2\/users\/1"}],"replies":[{"embeddable":true,"href":"https:\/\/touchem.ca\/en\/wp-json\/wp\/v2\/comments?post=2691"}],"version-history":[{"count":6,"href":"https:\/\/touchem.ca\/en\/wp-json\/wp\/v2\/pages\/2691\/revisions"}],"predecessor-version":[{"id":2780,"href":"https:\/\/touchem.ca\/en\/wp-json\/wp\/v2\/pages\/2691\/revisions\/2780"}],"up":[{"embeddable":true,"href":"https:\/\/touchem.ca\/en\/wp-json\/wp\/v2\/pages\/2693"}],"wp:featuredmedia":[{"embeddable":true,"href":"https:\/\/touchem.ca\/en\/wp-json\/wp\/v2\/media\/2699"}],"wp:attachment":[{"href":"https:\/\/touchem.ca\/en\/wp-json\/wp\/v2\/media?parent=2691"}],"curies":[{"name":"wp","href":"https:\/\/api.w.org\/{rel}","templated":true}]}}