{"id":1469,"date":"2022-05-14T20:54:44","date_gmt":"2022-05-15T00:54:44","guid":{"rendered":"https:\/\/touchem.ca\/?page_id=1469"},"modified":"2023-11-05T22:48:31","modified_gmt":"2023-11-06T02:48:31","slug":"privacy","status":"publish","type":"page","link":"https:\/\/touchem.ca\/en\/privacy\/","title":{"rendered":"Privacy Policy"},"content":{"rendered":"<h2 class=\"wp-block-heading\">Identification<\/h2>\n\n\n\n<p>L\u2019objectif de cette politique de confidentialit\u00e9 est d\u2019informer les utilisateurs de notre site touchem.ca des donn\u00e9es personnelles que nous recueillons ainsi que de leur utilisation. TouchEm se conforme \u00e0 la loi 25 du Qu\u00e9bec en mati\u00e8re de protection des donn\u00e9es personnelles. Cette politique de confidentialit\u00e9 d\u00e9taille \u00e9galement notre engagement et les mesures prises pour garantir la s\u00e9curit\u00e9 de vos informations personnelles.<\/p>\n\n\n\n<h2 class=\"wp-block-heading\">Type de donn\u00e9es que nous collectons<\/h2>\n\n\n\n<p><em>Lors de votre visite sur touchem.ca, nous collectons automatiquement des informations sur votre navigateur et votre interaction avec notre site via l\u2019outil Google Analytics.<\/em><\/p>\n\n\n\n<p>Cela inclut les donn\u00e9es suivantes:<\/p>\n\n\n\n<ul class=\"wp-block-list\">\n<li>Adresse IP<\/li>\n\n\n\n<li>Lieu<\/li>\n\n\n\n<li>D\u00e9tails mat\u00e9riels et logiciels<\/li>\n\n\n\n<li>Contenu que l\u2019utilisateur consulte sur notre site<\/li>\n\n\n\n<li>Liens sur lesquels un utilisateur clique en allant sur le site<\/li>\n<\/ul>\n\n\n\n<p><em>Donn\u00e9es personnelles r\u00e9colt\u00e9es non automatiquement<\/em><\/p>\n\n\n\n<p>Vos donn\u00e9es personnelles sont collect\u00e9es via : <\/p>\n\n\n\n<ul class=\"wp-block-list\">\n<li>Cr\u00e9ation d\u2019un compte<\/li>\n<\/ul>\n\n\n\n<p>Cela inclut les donn\u00e9es suivantes : <\/p>\n\n\n\n<ul class=\"wp-block-list\">\n<li>Pr\u00e9nom<\/li>\n\n\n\n<li>Nom<\/li>\n\n\n\n<li>Courriel<\/li>\n<\/ul>\n\n\n\n<p>Les donn\u00e9es utilisateur sont consult\u00e9es et trait\u00e9es uniquement au Qu\u00e9bec, mais peuvent \u00eatre collect\u00e9es depuis n&rsquo;importe o\u00f9 dans le monde.<\/p>\n\n\n\n<h2 class=\"wp-block-heading\">Mesures de s\u00e9curit\u00e9<\/h2>\n\n\n\n<p>Vos donn\u00e9es sont stock\u00e9es dans un environnement s\u00e9curis\u00e9 et contr\u00f4l\u00e9. TouchEm utilise des protocoles SSL et des mesures de s\u00e9curit\u00e9 robustes avec double authentification pour pr\u00e9venir tout acc\u00e8s non autoris\u00e9.<\/p>\n\n\n\n<p>Nous nous engageons \u00e0 ne pas vendre ou partager vos donn\u00e9es avec des tiers sauf si la loi l\u2019exige ou en cas de proc\u00e9dure judiciaire. Nous pouvons divulguer \u00e0 tout membre de notre organisation les donn\u00e9es utilisateur dont il a raisonnablement besoin pour r\u00e9aliser les objectifs \u00e9nonc\u00e9s dans la pr\u00e9sente politique.<\/p>\n\n\n\n<h2 class=\"wp-block-heading\">M\u00e9dias<\/h2>\n\n\n\n<p>Si vous t\u00e9l\u00e9versez des images sur le site, nous vous conseillons d\u2019\u00e9viter de t\u00e9l\u00e9verser des images contenant des donn\u00e9es EXIF de coordonn\u00e9es GPS. Les personnes visitant votre site peuvent t\u00e9l\u00e9charger et extraire des donn\u00e9es de localisation depuis ces images.<\/p>\n\n\n\n<h2 class=\"wp-block-heading\">Cookies<\/h2>\n\n\n\n<p>Si vous d\u00e9posez un commentaire sur notre site, il vous sera propos\u00e9 d\u2019enregistrer votre nom, adresse e-mail et site dans des cookies. C\u2019est uniquement pour votre confort afin de ne pas avoir \u00e0 saisir ces informations si vous d\u00e9posez un autre commentaire plus tard. Ces cookies expirent au bout d\u2019un an.<\/p>\n\n\n\n<p>Si vous vous rendez sur la page de connexion, un cookie temporaire sera cr\u00e9\u00e9 afin de d\u00e9terminer si votre navigateur accepte les cookies. Il ne contient pas de donn\u00e9es personnelles et sera supprim\u00e9 automatiquement \u00e0 la fermeture de votre navigateur.<\/p>\n\n\n\n<p>Lorsque vous vous connecterez, nous mettrons en place un certain nombre de cookies pour enregistrer vos informations de connexion et vos pr\u00e9f\u00e9rences d\u2019\u00e9cran. La dur\u00e9e de vie d\u2019un cookie de connexion est de deux jours, celle d\u2019un cookie d\u2019option d\u2019\u00e9cran est d\u2019un an. Si vous cochez \u00ab&nbsp;Se souvenir de moi&nbsp;\u00bb, votre cookie de connexion sera conserv\u00e9 pendant deux semaines. Si vous vous d\u00e9connectez de votre compte, le cookie de connexion sera effac\u00e9.<\/p>\n\n\n\n<p>En modifiant ou en publiant une publication, un cookie suppl\u00e9mentaire sera enregistr\u00e9 dans votre navigateur. Ce cookie ne comprend aucune donn\u00e9e personnelle. Il indique simplement l\u2019ID de la publication que vous venez de modifier. Il expire au bout d\u2019un jour.<\/p>\n\n\n\n<h2 class=\"wp-block-heading\">Contenu embarqu\u00e9 depuis d\u2019autres sites<\/h2>\n\n\n\n<p>Les articles de ce site peuvent inclure des contenus int\u00e9gr\u00e9s (par exemple des vid\u00e9os, images, articles\u2026). Le contenu int\u00e9gr\u00e9 depuis d\u2019autres sites se comporte de la m\u00eame mani\u00e8re que si le visiteur se rendait sur cet autre site.<\/p>\n\n\n\n<p>Ces sites web pourraient collecter des donn\u00e9es sur vous, utiliser des cookies, embarquer des outils de suivis tiers, suivre vos interactions avec ces contenus embarqu\u00e9s si vous disposez d\u2019un compte connect\u00e9 sur leur site web.<\/p>\n\n\n\n<p>Notre site peut contenir des liens vers d\u2019autres sites internet. Nous ne sommes pas responsables de leurs pratiques de confidentialit\u00e9. Il faudra vous r\u00e9f\u00e9rer aux politiques de confidentialit\u00e9 mises en place par ces sites.<\/p>\n\n\n\n<h2 class=\"wp-block-heading\">Utilisation et transmission de vos donn\u00e9es personnelles<\/h2>\n\n\n\n<p>Si vous demandez une r\u00e9initialisation de votre mot de passe, votre adresse IP sera incluse dans l\u2019e-mail de r\u00e9initialisation.<\/p>\n\n\n\n<p>Veuillez noter que nous ne collectons que les donn\u00e9es qui nous aident \u00e0 atteindre l\u2019objectif \u00e9nonc\u00e9 dans cette politique de confidentialit\u00e9. Nous ne recueillerons pas de donn\u00e9es suppl\u00e9mentaires sans vous en informer au pr\u00e9alable.<\/p>\n\n\n\n<p>Nous utilisons ces donn\u00e9es pour : <\/p>\n\n\n\n<ul class=\"wp-block-list\">\n<li>Envoyer des communications cibl\u00e9es via notre forum<\/li>\n\n\n\n<li>Faire des analyses statistiques pour am\u00e9liorer le site<\/li>\n\n\n\n<li>Dans le cadre d\u2019un protocole de s\u00e9curit\u00e9 des donn\u00e9es<\/li>\n<\/ul>\n\n\n\n<h2 class=\"wp-block-heading\">Dur\u00e9es de stockage de vos donn\u00e9es<\/h2>\n\n\n\n<p>Si vous laissez un commentaire, le commentaire et ses m\u00e9tadonn\u00e9es sont conserv\u00e9s ind\u00e9finiment. Cela permet de reconna\u00eetre et approuver automatiquement les commentaires suivants au lieu de les laisser dans la file de mod\u00e9ration.<\/p>\n\n\n\n<p>Pour les comptes qui s\u2019inscrivent sur notre site (le cas \u00e9ch\u00e9ant), nous stockons \u00e9galement les donn\u00e9es personnelles indiqu\u00e9es dans leur profil. Tous les comptes peuvent voir, modifier ou supprimer leurs informations personnelles \u00e0 tout moment (\u00e0 l\u2019exception de leur identifiant). Les gestionnaires du site peuvent aussi voir et modifier ces informations.<\/p>\n\n\n\n<h2 class=\"wp-block-heading\">Les droits que vous avez sur vos donn\u00e9es<\/h2>\n\n\n\n<p>Si vous avez un compte ou si vous avez laiss\u00e9 des commentaires sur le site, vous pouvez demander \u00e0 recevoir un fichier contenant toutes les donn\u00e9es personnelles que nous poss\u00e9dons \u00e0 votre sujet, incluant celles que vous nous avez fournies. Vous pouvez \u00e9galement demander la suppression des donn\u00e9es personnelles vous concernant. Cela ne prend pas en compte les donn\u00e9es stock\u00e9es \u00e0 des fins administratives, l\u00e9gales ou pour des raisons de s\u00e9curit\u00e9. <a href=\"https:\/\/touchem.ca\/en\/dsr\/\">Cliquez ici pour en faire la demande<\/a>.<\/p>\n\n\n\n<h2 class=\"wp-block-heading\">Transmission de vos donn\u00e9es personnelles<\/h2>\n\n\n\n<p>Les commentaires des visiteurs peuvent \u00eatre v\u00e9rifi\u00e9s \u00e0 l\u2019aide d\u2019un service automatis\u00e9 de d\u00e9tection des commentaires ind\u00e9sirables.<\/p>\n\n\n\n<h2 class=\"wp-block-heading\">Gestion des incidents de s\u00e9curit\u00e9<\/h2>\n\n\n\n<p>En cas de fuite de vos donn\u00e9es personnelles, nous nous engageons \u00e0 vous en tenir inform\u00e9.<\/p>\n\n\n\n<h2 class=\"wp-block-heading\">Informations suppl\u00e9mentaires<\/h2>\n\n\n\n<p>Notre politique de confidentialit\u00e9 a \u00e9t\u00e9 mise \u00e0 jour le 05\/11\/2023.<\/p>\n\n\n\n<p>Pour toute question relative \u00e0 cette politique de confidentialit\u00e9, vous pouvez nous contacter via cette adresse de courriel : me@maximebaker.com.<\/p>\n\n\n\n<p>En utilisant notre site touchem.ca, vous acceptez les termes de cette politique de confidentialit\u00e9.<\/p>","protected":false},"excerpt":{"rendered":"<p>Identification L\u2019objectif de cette politique de confidentialit\u00e9 est d\u2019informer les utilisateurs de notre site touchem.ca des donn\u00e9es personnelles que nous recueillons ainsi que de leur utilisation. TouchEm se conforme \u00e0 la loi 25 du Qu\u00e9bec en mati\u00e8re de protection des donn\u00e9es personnelles. Cette politique de confidentialit\u00e9 d\u00e9taille \u00e9galement notre engagement<span class=\"more-dots\">&#8230;<\/span><\/p>","protected":false},"author":1,"featured_media":0,"parent":0,"menu_order":0,"comment_status":"closed","ping_status":"closed","template":"","meta":{"_eb_attr":"","footnotes":""},"class_list":["post-1469","page","type-page","status-publish","hentry","no-post-thumbnail"],"yoast_head":"<!-- This site is optimized with the Yoast SEO plugin v27.0 - https:\/\/yoast.com\/product\/yoast-seo-wordpress\/ -->\n<title>Politique de confidentialit\u00e9 - TouchEm<\/title>\n<meta name=\"description\" content=\"Consultez notre politique de confidentialit\u00e9.\" \/>\n<meta name=\"robots\" content=\"index, follow, max-snippet:-1, max-image-preview:large, max-video-preview:-1\" \/>\n<link rel=\"canonical\" href=\"https:\/\/touchem.ca\/en\/privacy\/\" \/>\n<meta property=\"og:locale\" content=\"en_US\" \/>\n<meta property=\"og:type\" content=\"article\" \/>\n<meta property=\"og:title\" content=\"Politique de confidentialit\u00e9 - TouchEm\" \/>\n<meta property=\"og:description\" content=\"Consultez notre politique de confidentialit\u00e9.\" \/>\n<meta property=\"og:url\" content=\"https:\/\/touchem.ca\/en\/privacy\/\" \/>\n<meta property=\"og:site_name\" content=\"TouchEm\" \/>\n<meta property=\"article:modified_time\" content=\"2023-11-06T02:48:31+00:00\" \/>\n<meta property=\"og:image\" content=\"https:\/\/touchem.ca\/wp-content\/uploads\/2022\/03\/couleurs.png\" \/>\n\t<meta property=\"og:image:width\" content=\"1500\" \/>\n\t<meta property=\"og:image:height\" content=\"1500\" \/>\n\t<meta property=\"og:image:type\" content=\"image\/png\" \/>\n<meta name=\"twitter:card\" content=\"summary_large_image\" \/>\n<meta name=\"twitter:label1\" content=\"Est. reading time\" \/>\n\t<meta name=\"twitter:data1\" content=\"5 minutes\" \/>\n<script type=\"application\/ld+json\" class=\"yoast-schema-graph\">{\"@context\":\"https:\/\/schema.org\",\"@graph\":[{\"@type\":\"WebPage\",\"@id\":\"https:\/\/touchem.ca\/privacy\/\",\"url\":\"https:\/\/touchem.ca\/privacy\/\",\"name\":\"Politique de confidentialit\u00e9 - TouchEm\",\"isPartOf\":{\"@id\":\"https:\/\/touchem.ca\/#website\"},\"datePublished\":\"2022-05-15T00:54:44+00:00\",\"dateModified\":\"2023-11-06T02:48:31+00:00\",\"description\":\"Consultez notre politique de confidentialit\u00e9.\",\"breadcrumb\":{\"@id\":\"https:\/\/touchem.ca\/privacy\/#breadcrumb\"},\"inLanguage\":\"en-US\",\"potentialAction\":[{\"@type\":\"ReadAction\",\"target\":[\"https:\/\/touchem.ca\/privacy\/\"]}]},{\"@type\":\"BreadcrumbList\",\"@id\":\"https:\/\/touchem.ca\/privacy\/#breadcrumb\",\"itemListElement\":[{\"@type\":\"ListItem\",\"position\":1,\"name\":\"Accueil\",\"item\":\"https:\/\/touchem.ca\/\"},{\"@type\":\"ListItem\",\"position\":2,\"name\":\"Politique de confidentialit\u00e9\"}]},{\"@type\":\"WebSite\",\"@id\":\"https:\/\/touchem.ca\/#website\",\"url\":\"https:\/\/touchem.ca\/\",\"name\":\"TouchEm\",\"description\":\"Le logiciel macro num\u00e9ro 1 pour effectuer des commandes et des animations rapidement sur les serveurs FiveM\/RedM.\",\"publisher\":{\"@id\":\"https:\/\/touchem.ca\/#organization\"},\"potentialAction\":[{\"@type\":\"SearchAction\",\"target\":{\"@type\":\"EntryPoint\",\"urlTemplate\":\"https:\/\/touchem.ca\/?s={search_term_string}\"},\"query-input\":{\"@type\":\"PropertyValueSpecification\",\"valueRequired\":true,\"valueName\":\"search_term_string\"}}],\"inLanguage\":\"en-US\"},{\"@type\":\"Organization\",\"@id\":\"https:\/\/touchem.ca\/#organization\",\"name\":\"TouchEm\",\"url\":\"https:\/\/touchem.ca\/\",\"logo\":{\"@type\":\"ImageObject\",\"inLanguage\":\"en-US\",\"@id\":\"https:\/\/touchem.ca\/#\/schema\/logo\/image\/\",\"url\":\"https:\/\/touchem.ca\/wp-content\/uploads\/2022\/03\/couleurs.png\",\"contentUrl\":\"https:\/\/touchem.ca\/wp-content\/uploads\/2022\/03\/couleurs.png\",\"width\":1500,\"height\":1500,\"caption\":\"TouchEm\"},\"image\":{\"@id\":\"https:\/\/touchem.ca\/#\/schema\/logo\/image\/\"}}]}<\/script>\n<!-- \/ Yoast SEO plugin. -->","yoast_head_json":{"title":"Politique de confidentialit\u00e9 - TouchEm","description":"Consultez notre politique de confidentialit\u00e9.","robots":{"index":"index","follow":"follow","max-snippet":"max-snippet:-1","max-image-preview":"max-image-preview:large","max-video-preview":"max-video-preview:-1"},"canonical":"https:\/\/touchem.ca\/en\/privacy\/","og_locale":"en_US","og_type":"article","og_title":"Politique de confidentialit\u00e9 - TouchEm","og_description":"Consultez notre politique de confidentialit\u00e9.","og_url":"https:\/\/touchem.ca\/en\/privacy\/","og_site_name":"TouchEm","article_modified_time":"2023-11-06T02:48:31+00:00","og_image":[{"width":1500,"height":1500,"url":"https:\/\/touchem.ca\/wp-content\/uploads\/2022\/03\/couleurs.png","type":"image\/png"}],"twitter_card":"summary_large_image","twitter_misc":{"Est. reading time":"5 minutes"},"schema":{"@context":"https:\/\/schema.org","@graph":[{"@type":"WebPage","@id":"https:\/\/touchem.ca\/privacy\/","url":"https:\/\/touchem.ca\/privacy\/","name":"Politique de confidentialit\u00e9 - TouchEm","isPartOf":{"@id":"https:\/\/touchem.ca\/#website"},"datePublished":"2022-05-15T00:54:44+00:00","dateModified":"2023-11-06T02:48:31+00:00","description":"Consultez notre politique de confidentialit\u00e9.","breadcrumb":{"@id":"https:\/\/touchem.ca\/privacy\/#breadcrumb"},"inLanguage":"en-US","potentialAction":[{"@type":"ReadAction","target":["https:\/\/touchem.ca\/privacy\/"]}]},{"@type":"BreadcrumbList","@id":"https:\/\/touchem.ca\/privacy\/#breadcrumb","itemListElement":[{"@type":"ListItem","position":1,"name":"Accueil","item":"https:\/\/touchem.ca\/"},{"@type":"ListItem","position":2,"name":"Politique de confidentialit\u00e9"}]},{"@type":"WebSite","@id":"https:\/\/touchem.ca\/#website","url":"https:\/\/touchem.ca\/","name":"TouchEm","description":"Number 1 macro software for quickly performing commands and animations on FiveM \/ RedM servers.","publisher":{"@id":"https:\/\/touchem.ca\/#organization"},"potentialAction":[{"@type":"SearchAction","target":{"@type":"EntryPoint","urlTemplate":"https:\/\/touchem.ca\/?s={search_term_string}"},"query-input":{"@type":"PropertyValueSpecification","valueRequired":true,"valueName":"search_term_string"}}],"inLanguage":"en-US"},{"@type":"Organization","@id":"https:\/\/touchem.ca\/#organization","name":"TouchEm","url":"https:\/\/touchem.ca\/","logo":{"@type":"ImageObject","inLanguage":"en-US","@id":"https:\/\/touchem.ca\/#\/schema\/logo\/image\/","url":"https:\/\/touchem.ca\/wp-content\/uploads\/2022\/03\/couleurs.png","contentUrl":"https:\/\/touchem.ca\/wp-content\/uploads\/2022\/03\/couleurs.png","width":1500,"height":1500,"caption":"TouchEm"},"image":{"@id":"https:\/\/touchem.ca\/#\/schema\/logo\/image\/"}}]}},"_links":{"self":[{"href":"https:\/\/touchem.ca\/en\/wp-json\/wp\/v2\/pages\/1469","targetHints":{"allow":["GET"]}}],"collection":[{"href":"https:\/\/touchem.ca\/en\/wp-json\/wp\/v2\/pages"}],"about":[{"href":"https:\/\/touchem.ca\/en\/wp-json\/wp\/v2\/types\/page"}],"author":[{"embeddable":true,"href":"https:\/\/touchem.ca\/en\/wp-json\/wp\/v2\/users\/1"}],"replies":[{"embeddable":true,"href":"https:\/\/touchem.ca\/en\/wp-json\/wp\/v2\/comments?post=1469"}],"version-history":[{"count":3,"href":"https:\/\/touchem.ca\/en\/wp-json\/wp\/v2\/pages\/1469\/revisions"}],"predecessor-version":[{"id":2847,"href":"https:\/\/touchem.ca\/en\/wp-json\/wp\/v2\/pages\/1469\/revisions\/2847"}],"wp:attachment":[{"href":"https:\/\/touchem.ca\/en\/wp-json\/wp\/v2\/media?parent=1469"}],"curies":[{"name":"wp","href":"https:\/\/api.w.org\/{rel}","templated":true}]}}